{"id":17,"date":"2023-03-09T10:57:45","date_gmt":"2023-03-09T09:57:45","guid":{"rendered":"https:\/\/spalek-alutechnik.de\/?page_id=17"},"modified":"2026-03-31T12:24:38","modified_gmt":"2026-03-31T10:24:38","slug":"kontakt","status":"publish","type":"page","link":"https:\/\/spalek-alutechnik.de\/fr\/kontakt\/","title":{"rendered":"Contact"},"content":{"rendered":"\n<div class=\"wp-block-cover alignfull is-light header-cover px-3 px-md-4 px-lg-5\" style=\"min-height:60vh;aspect-ratio:unset;\"><span aria-hidden=\"true\" class=\"wp-block-cover__background has-background-dim-0 has-background-dim\"><\/span><img loading=\"lazy\" decoding=\"async\" width=\"2560\" height=\"1680\" class=\"wp-block-cover__image-background wp-image-383\" alt=\"Eine Frau mit langen, blonden Haaren und einem dunkelblauen Hemd mit wei\u00dfen Mustern sitzt l\u00e4chelnd an einem Tisch vor einem Laptop in einem modernen B\u00fcro.\" src=\"https:\/\/spalek-alutechnik.de\/wp-content\/uploads\/2023\/03\/Alutechnik-Kontakt.jpg\" style=\"object-position:57% 18%\" data-object-fit=\"cover\" data-object-position=\"57% 18%\" srcset=\"https:\/\/spalek-alutechnik.de\/wp-content\/uploads\/2023\/03\/Alutechnik-Kontakt.jpg 2560w, https:\/\/spalek-alutechnik.de\/wp-content\/uploads\/2023\/03\/Alutechnik-Kontakt-300x197.jpg 300w, https:\/\/spalek-alutechnik.de\/wp-content\/uploads\/2023\/03\/Alutechnik-Kontakt-1024x672.jpg 1024w, https:\/\/spalek-alutechnik.de\/wp-content\/uploads\/2023\/03\/Alutechnik-Kontakt-768x504.jpg 768w, https:\/\/spalek-alutechnik.de\/wp-content\/uploads\/2023\/03\/Alutechnik-Kontakt-1536x1008.jpg 1536w, https:\/\/spalek-alutechnik.de\/wp-content\/uploads\/2023\/03\/Alutechnik-Kontakt-2048x1344.jpg 2048w\" sizes=\"auto, (max-width: 2560px) 100vw, 2560px\" \/><div class=\"wp-block-cover__inner-container is-layout-flow wp-block-cover-is-layout-flow\">\n<div class=\"wp-block-group cover-heading animated fadeInLeft has-global-padding is-layout-constrained wp-container-core-group-is-layout-1 wp-block-group-is-layout-constrained\">\n<h1 class=\"wp-block-heading has-text-align-center has-base-color has-primary-background-color has-text-color has-background\" style=\"font-style:italic;font-weight:500\">Kontakt<\/h1>\n<\/div>\n<\/div><\/div>\n\n\n\n<div class=\"wp-block-group alignfull py-5 px-3 px-md-4 px-lg-5 mt-0 has-primary-10-background-color has-background has-global-padding is-content-justification-center is-layout-constrained wp-container-core-group-is-layout-3 wp-block-group-is-layout-constrained\" id=\"intro\">\n<div class=\"wp-block-group py-5 has-global-padding is-content-justification-left is-layout-constrained wp-container-core-group-is-layout-2 wp-block-group-is-layout-constrained\"><h2 style=\"font-size:clamp(14px, 0.875rem + ((1vw - 3.2px) * 0.156), 16px);\" class=\"breadcrump wp-block-post-title has-text-color has-primary-color\"><a href=\"https:\/\/spalek-alutechnik.de\/fr\/kontakt\/\" target=\"_self\" >Kontakt<\/a><\/h2>\n\n\n<h2 class=\"wp-block-heading\" style=\"font-style:normal;font-weight:500\"><strong>Jetzt direkt Anfrage starten<\/strong><\/h2>\n\n\n\n<p class=\"has-grey-color has-text-color\">Als Neukunde k\u00f6nnen Sie Ihre Anfrage am besten \u00fcber den <a href=\"https:\/\/konfigurator.spalek-alutechnik.de\/de\">Konfigurator<\/a> alternativ \u00fcber unser Kontaktformular versenden. W\u00e4hrend unserer \u00d6ffnungszeiten beantworten wir Ihre Anfrage kurzfristig. Wenn Sie uns au\u00dferhalb unserer \u00d6ffnungszeiten schreiben, melden wir uns am n\u00e4chsten Werktag bei Ihnen zur\u00fcck. Alternativ k\u00f6nnen Sie uns auch per Telefon, Fax oder whatsapp erreichen.<\/p>\n\n\n\n<p class=\"animated fadeInUp has-grey-color has-text-color\"><strong>Spalek Alutechnik<br><\/strong>SPALEK Beschlagtechnik GmbH + Co.<br>KG Dieselstr. 44 | 42579 Heiligenhaus | Deutschland<br>Telefon: +49 (0)2056 \u2013 58 617 11 | Telefax: +49 (0)2056 \u2013 58 617 28<br>E-Mail: <a class=\"ek-link\" href=\"mailto:info@spalek-alutechnik.de\">info@spalek-alutechnik.de<\/a><\/p>\n<\/div>\n<\/div>\n\n\n\n<div class=\"wp-block-cover alignfull is-light large-cover\" id=\"kontaktformular\"><span aria-hidden=\"true\" class=\"wp-block-cover__background has-background-dim-0 has-background-dim\"><\/span><div class=\"wp-block-cover__inner-container is-layout-flow wp-block-cover-is-layout-flow\">\n<div class=\"wp-block-group has-global-padding is-layout-constrained wp-block-group-is-layout-constrained\">\n<p class=\"breadcrump animated fadeInUp has-primary-color has-text-color\" style=\"font-size:clamp(14px, 0.875rem + ((1vw - 3.2px) * 0.156), 16px);font-style:normal;font-weight:500\">Kontaktformular<\/p>\n\n\n\n<h2 class=\"wp-block-heading\" style=\"font-style:normal;font-weight:500\">Wir helfen gerne weiter!<\/h2>\n\n\n\n<p class=\"animated fadeInUp has-grey-color has-text-color\">Sie haben Fragen, Anregungen oder ben\u00f6tigen unsere Hilfe?<br>Bitte nutzen Sie unser Kontaktformular.<\/p>\n\n\n<div class=\"wpforms-container wpforms-container-full\" id=\"wpforms-226\"><form id=\"wpforms-form-226\" class=\"wpforms-validate wpforms-form wpforms-ajax-form\" data-formid=\"226\" method=\"post\" enctype=\"multipart\/form-data\" action=\"\/fr\/wp-json\/wp\/v2\/pages\/17\" data-token=\"a9c3f273bfa3ec6f89b21a0faac4b22f\" data-token-time=\"1777470379\"><noscript class=\"wpforms-error-noscript\">Veuillez activer JavaScript dans votre navigateur pour remplir ce formulaire.<\/noscript><div class=\"wpforms-field-container\"><div id=\"wpforms-226-field_1-container\" class=\"wpforms-field wpforms-field-select wpforms-field-select-style-classic\" data-field-id=\"1\"><label class=\"wpforms-field-label\" for=\"wpforms-226-field_1\">Grund der Anfrage <span class=\"wpforms-required-label\">*<\/span><\/label><select id=\"wpforms-226-field_1\" class=\"wpforms-field-large wpforms-field-required\" name=\"wpforms[fields][1]\" required=\"required\"><option value=\"Interesse an Produkten - Endkunde\"  class=\"choice-1 depth-1\"  >Interesse an Produkten - Endkunde<\/option><option value=\"Interesse an Produkten - Verleger\"  class=\"choice-2 depth-1\"  >Interesse an Produkten - Verleger<\/option><\/select><\/div><div id=\"wpforms-226-field_2-container\" class=\"wpforms-field wpforms-field-name\" data-field-id=\"2\"><label class=\"wpforms-field-label\">Name <span class=\"wpforms-required-label\">*<\/span><\/label><div class=\"wpforms-field-row wpforms-field-large\"><div class=\"wpforms-field-row-block wpforms-first wpforms-one-half\"><input type=\"text\" id=\"wpforms-226-field_2\" class=\"wpforms-field-name-first wpforms-field-required\" name=\"wpforms[fields][2][first]\" required><label for=\"wpforms-226-field_2\" class=\"wpforms-field-sublabel after\">Pr\u00e9nom<\/label><\/div><div class=\"wpforms-field-row-block wpforms-one-half\"><input type=\"text\" id=\"wpforms-226-field_2-last\" class=\"wpforms-field-name-last wpforms-field-required\" name=\"wpforms[fields][2][last]\" required><label for=\"wpforms-226-field_2-last\" class=\"wpforms-field-sublabel after\">Nom<\/label><\/div><\/div><\/div><div id=\"wpforms-226-field_3-container\" class=\"wpforms-field wpforms-field-email\" data-field-id=\"3\"><label class=\"wpforms-field-label\" for=\"wpforms-226-field_3\">E-Mail <span class=\"wpforms-required-label\">*<\/span><\/label><input type=\"email\" id=\"wpforms-226-field_3\" class=\"wpforms-field-large wpforms-field-required\" name=\"wpforms[fields][3]\" spellcheck=\"false\" required><\/div><div id=\"wpforms-226-field_4-container\" class=\"wpforms-field wpforms-field-number\" data-field-id=\"4\"><label class=\"wpforms-field-label\" for=\"wpforms-226-field_4\">Telefon<\/label><input type=\"number\" id=\"wpforms-226-field_4\" class=\"wpforms-field-large\" name=\"wpforms[fields][4]\" step=\"any\" ><\/div><div id=\"wpforms-226-field_5-container\" class=\"wpforms-field wpforms-field-textarea\" data-field-id=\"5\"><label class=\"wpforms-field-label\" for=\"wpforms-226-field_5\">Ihr Anliegen<\/label><textarea id=\"wpforms-226-field_5\" class=\"wpforms-field-medium\" name=\"wpforms[fields][5]\" ><\/textarea><\/div><div id=\"wpforms-226-field_6-container\" class=\"wpforms-field wpforms-field-gdpr-checkbox\" data-field-id=\"6\"><label class=\"wpforms-field-label\">DSGVO-Einverst\u00e4ndnis <span class=\"wpforms-required-label\">*<\/span><\/label><ul id=\"wpforms-226-field_6\" class=\"wpforms-field-required\"><li class=\"choice-1\"><input type=\"checkbox\" id=\"wpforms-226-field_6_1\" name=\"wpforms[fields][6][]\" value=\"Ich willige ein, dass diese Website meine \u00fcbermittelten Informationen speichert, sodass meine Anfrage beantwortet werden kann.\" required ><label class=\"wpforms-field-label-inline\" for=\"wpforms-226-field_6_1\">Ich willige ein, dass diese Website meine \u00fcbermittelten Informationen speichert, sodass meine Anfrage beantwortet werden kann.<\/label><\/li><\/ul><\/div><\/div><!-- .wpforms-field-container --><div class=\"wpforms-recaptcha-container wpforms-is-recaptcha wpforms-is-recaptcha-type-v3\" ><input type=\"hidden\" name=\"wpforms[recaptcha]\" value=\"\"><\/div><div class=\"wpforms-submit-container\" ><input type=\"hidden\" name=\"wpforms[id]\" value=\"226\"><input type=\"hidden\" name=\"page_title\" value=\"\"><input type=\"hidden\" name=\"page_url\" value=\"https:\/\/spalek-alutechnik.de\/fr\/wp-json\/wp\/v2\/pages\/17\"><input type=\"hidden\" name=\"url_referer\" value=\"\"><button type=\"submit\" name=\"wpforms[submit]\" id=\"wpforms-submit-226\" class=\"wpforms-submit\" data-alt-text=\"Senden\u2026\" data-submit-text=\"Absenden\" aria-live=\"assertive\" value=\"wpforms-submit\">Absenden<\/button><img loading=\"lazy\" decoding=\"async\" src=\"https:\/\/spalek-alutechnik.de\/wp-content\/plugins\/wpforms-lite\/assets\/images\/submit-spin.svg\" class=\"wpforms-submit-spinner\" style=\"display: none;\" width=\"26\" height=\"26\" alt=\"Chargement en cours\"><\/div><\/form><\/div>  <!-- .wpforms-container -->\n<\/div>\n\n\n\n<div class=\"wp-block-group px-3 px-md-4 px-lg-5 py-5 has-global-padding is-layout-constrained wp-block-group-is-layout-constrained\">\n<div style=\"height:100px\" aria-hidden=\"true\" class=\"wp-block-spacer spacer-100\"><\/div>\n\n\n\n<div class=\"wp-block-columns is-layout-flex wp-container-core-columns-is-layout-1 wp-block-columns-is-layout-flex\">\n<div class=\"wp-block-column is-vertically-aligned-center animated fadeInUp is-layout-flow wp-block-column-is-layout-flow\" style=\"flex-basis:40%\">\n<h2 class=\"wp-block-heading h2-before\" style=\"font-style:normal;font-weight:700\">Wir sind f\u00fcr Sie da<\/h2>\n\n\n\n<p class=\"has-grey-color has-text-color\">Rufen Sie uns gerne an oder schreiben uns &#8211; Ihr Ansprechpartner meldet sich schnellstm\u00f6glich bei Ihnen zur\u00fcck.<\/p>\n\n\n\n<div class=\"wp-block-buttons is-layout-flex wp-block-buttons-is-layout-flex\">\n<div class=\"wp-block-button has-custom-font-size has-small-font-size\" style=\"font-style:normal;font-weight:500\"><a class=\"wp-block-button__link has-base-color has-primary-background-color has-text-color has-background wp-element-button\" href=\"#kontaktformular\" style=\"border-radius:10px\">Kontakt aufnehmen<\/a><\/div>\n<\/div>\n<\/div>\n\n\n\n<div class=\"wp-block-column animated fadeInUp delay-200ms is-layout-flow wp-block-column-is-layout-flow\" style=\"flex-basis:60%\">\n<div class=\"wp-block-advgb-map advgb-map-block maps\" style=\"margin:10px auto\"><div class=\"advgb-map-content\" id=\"advgbmap-e5ef0829-c3b7-4e41-8c4a-732ecc539965\" style=\"height:450px\" data-default=\"https:\/\/maps.gstatic.com\/mapfiles\/api-3\/images\/spotlight-poi2.png\" data-lat=\"51.3343503\" data-lng=\"7.000896999999999\" data-zoom=\"14\" data-title=\"Spalek Alutechnik\" data-desc=\"Dieselstra\u00dfe 44, 42579 Heiligenhaus<br\/&gt;+49 2056 586170\" data-shown=\"false\" data-style=\"%5B%7B%22elementType%22%3A%22geometry%22%2C%22stylers%22%3A%5B%7B%22color%22%3A%22%23f5f5f5%22%7D%5D%7D%2C%7B%22elementType%22%3A%22labels.icon%22%2C%22stylers%22%3A%5B%7B%22visibility%22%3A%22off%22%7D%5D%7D%2C%7B%22elementType%22%3A%22labels.text.fill%22%2C%22stylers%22%3A%5B%7B%22color%22%3A%22%23616161%22%7D%5D%7D%2C%7B%22elementType%22%3A%22labels.text.stroke%22%2C%22stylers%22%3A%5B%7B%22color%22%3A%22%23f5f5f5%22%7D%5D%7D%2C%7B%22featureType%22%3A%22administrative.land_parcel%22%2C%22elementType%22%3A%22labels.text.fill%22%2C%22stylers%22%3A%5B%7B%22color%22%3A%22%23bdbdbd%22%7D%5D%7D%2C%7B%22featureType%22%3A%22poi%22%2C%22elementType%22%3A%22geometry%22%2C%22stylers%22%3A%5B%7B%22color%22%3A%22%23eeeeee%22%7D%5D%7D%2C%7B%22featureType%22%3A%22poi%22%2C%22elementType%22%3A%22labels.text.fill%22%2C%22stylers%22%3A%5B%7B%22color%22%3A%22%23757575%22%7D%5D%7D%2C%7B%22featureType%22%3A%22poi.park%22%2C%22elementType%22%3A%22geometry%22%2C%22stylers%22%3A%5B%7B%22color%22%3A%22%23e5e5e5%22%7D%5D%7D%2C%7B%22featureType%22%3A%22poi.park%22%2C%22elementType%22%3A%22labels.text.fill%22%2C%22stylers%22%3A%5B%7B%22color%22%3A%22%239e9e9e%22%7D%5D%7D%2C%7B%22featureType%22%3A%22road%22%2C%22elementType%22%3A%22geometry%22%2C%22stylers%22%3A%5B%7B%22color%22%3A%22%23ffffff%22%7D%5D%7D%2C%7B%22featureType%22%3A%22road.arterial%22%2C%22elementType%22%3A%22labels.text.fill%22%2C%22stylers%22%3A%5B%7B%22color%22%3A%22%23757575%22%7D%5D%7D%2C%7B%22featureType%22%3A%22road.highway%22%2C%22elementType%22%3A%22geometry%22%2C%22stylers%22%3A%5B%7B%22color%22%3A%22%23dadada%22%7D%5D%7D%2C%7B%22featureType%22%3A%22road.highway%22%2C%22elementType%22%3A%22labels.text.fill%22%2C%22stylers%22%3A%5B%7B%22color%22%3A%22%23616161%22%7D%5D%7D%2C%7B%22featureType%22%3A%22road.local%22%2C%22elementType%22%3A%22labels.text.fill%22%2C%22stylers%22%3A%5B%7B%22color%22%3A%22%239e9e9e%22%7D%5D%7D%2C%7B%22featureType%22%3A%22transit.line%22%2C%22elementType%22%3A%22geometry%22%2C%22stylers%22%3A%5B%7B%22color%22%3A%22%23e5e5e5%22%7D%5D%7D%2C%7B%22featureType%22%3A%22transit.station%22%2C%22elementType%22%3A%22geometry%22%2C%22stylers%22%3A%5B%7B%22color%22%3A%22%23eeeeee%22%7D%5D%7D%2C%7B%22featureType%22%3A%22water%22%2C%22elementType%22%3A%22geometry%22%2C%22stylers%22%3A%5B%7B%22color%22%3A%22%23c9c9c9%22%7D%5D%7D%2C%7B%22featureType%22%3A%22water%22%2C%22elementType%22%3A%22labels.text.fill%22%2C%22stylers%22%3A%5B%7B%22color%22%3A%22%239e9e9e%22%7D%5D%7D%5D\"><\/div><\/div>\n<\/div>\n<\/div>\n\n\n\n<div style=\"height:100px\" aria-hidden=\"true\" class=\"wp-block-spacer spacer-100\"><\/div>\n<\/div>\n<\/div><\/div>\n","protected":false},"excerpt":{"rendered":"<p>Jetzt direkt Anfrage starten Als Neukunde k\u00f6nnen Sie Ihre Anfrage am besten \u00fcber den Konfigurator alternativ \u00fcber unser Kontaktformular versenden. W\u00e4hrend unserer \u00d6ffnungszeiten beantworten wir Ihre Anfrage kurzfristig. Wenn Sie uns au\u00dferhalb unserer \u00d6ffnungszeiten schreiben, melden wir uns am n\u00e4chsten Werktag bei Ihnen zur\u00fcck. Alternativ k\u00f6nnen Sie uns auch per Telefon, Fax oder whatsapp erreichen. [&hellip;]<\/p>\n","protected":false},"author":1,"featured_media":0,"parent":0,"menu_order":0,"comment_status":"closed","ping_status":"closed","template":"","meta":{"_editorskit_title_hidden":false,"_editorskit_reading_time":1,"_editorskit_is_block_options_detached":false,"_editorskit_block_options_position":"{}","inline_featured_image":false,"advgb_blocks_editor_width":"","advgb_blocks_columns_visual_guide":"","footnotes":""},"class_list":["post-17","page","type-page","status-publish","hentry"],"yoast_head":"<!-- This site is optimized with the Yoast SEO plugin v26.7 - https:\/\/yoast.com\/wordpress\/plugins\/seo\/ -->\n<title>Kontakt - SPALEK ALUTECHNIK<\/title>\n<meta name=\"description\" content=\"Jetzt einfach und schnell Ihre Anfrage stellen \u00fcber unseren Konfigurator oder \u00fcber unser Kontaktformular. Wir melden uns kurzfristig bei Ihnen zur\u00fcck!\" \/>\n<meta name=\"robots\" content=\"index, follow, max-snippet:-1, max-image-preview:large, max-video-preview:-1\" \/>\n<link rel=\"canonical\" href=\"https:\/\/spalek-alutechnik.de\/fr\/kontakt\/\" \/>\n<meta property=\"og:locale\" content=\"fr_FR\" \/>\n<meta property=\"og:type\" content=\"article\" \/>\n<meta property=\"og:title\" content=\"Kontakt - SPALEK ALUTECHNIK\" \/>\n<meta property=\"og:description\" content=\"Jetzt einfach und schnell Ihre Anfrage stellen \u00fcber unseren Konfigurator oder \u00fcber unser Kontaktformular. Wir melden uns kurzfristig bei Ihnen zur\u00fcck!\" \/>\n<meta property=\"og:url\" content=\"https:\/\/spalek-alutechnik.de\/fr\/kontakt\/\" \/>\n<meta property=\"og:site_name\" content=\"SPALEK ALUTECHNIK\" \/>\n<meta property=\"article:modified_time\" content=\"2026-03-31T10:24:38+00:00\" \/>\n<meta property=\"og:image\" content=\"https:\/\/spalek-alutechnik.de\/wp-content\/uploads\/2023\/03\/Alutechnik-Kontakt.jpg\" \/>\n\t<meta property=\"og:image:width\" content=\"2560\" \/>\n\t<meta property=\"og:image:height\" content=\"1680\" \/>\n\t<meta property=\"og:image:type\" content=\"image\/jpeg\" \/>\n<meta name=\"twitter:card\" content=\"summary_large_image\" \/>\n<meta name=\"twitter:label1\" content=\"Dur\u00e9e de lecture estim\u00e9e\" \/>\n\t<meta name=\"twitter:data1\" content=\"1 minute\" \/>\n<script type=\"application\/ld+json\" class=\"yoast-schema-graph\">{\"@context\":\"https:\/\/schema.org\",\"@graph\":[{\"@type\":\"WebPage\",\"@id\":\"https:\/\/spalek-alutechnik.de\/kontakt\/\",\"url\":\"https:\/\/spalek-alutechnik.de\/kontakt\/\",\"name\":\"Kontakt - SPALEK ALUTECHNIK\",\"isPartOf\":{\"@id\":\"https:\/\/spalek-alutechnik.de\/#website\"},\"primaryImageOfPage\":{\"@id\":\"https:\/\/spalek-alutechnik.de\/kontakt\/#primaryimage\"},\"image\":{\"@id\":\"https:\/\/spalek-alutechnik.de\/kontakt\/#primaryimage\"},\"thumbnailUrl\":\"https:\/\/spalek-alutechnik.de\/wp-content\/uploads\/2023\/03\/Alutechnik-Kontakt.jpg\",\"datePublished\":\"2023-03-09T09:57:45+00:00\",\"dateModified\":\"2026-03-31T10:24:38+00:00\",\"description\":\"Jetzt einfach und schnell Ihre Anfrage stellen \u00fcber unseren Konfigurator oder \u00fcber unser Kontaktformular. Wir melden uns kurzfristig bei Ihnen zur\u00fcck!\",\"breadcrumb\":{\"@id\":\"https:\/\/spalek-alutechnik.de\/kontakt\/#breadcrumb\"},\"inLanguage\":\"fr-FR\",\"potentialAction\":[{\"@type\":\"ReadAction\",\"target\":[\"https:\/\/spalek-alutechnik.de\/kontakt\/\"]}]},{\"@type\":\"ImageObject\",\"inLanguage\":\"fr-FR\",\"@id\":\"https:\/\/spalek-alutechnik.de\/kontakt\/#primaryimage\",\"url\":\"https:\/\/spalek-alutechnik.de\/wp-content\/uploads\/2023\/03\/Alutechnik-Kontakt.jpg\",\"contentUrl\":\"https:\/\/spalek-alutechnik.de\/wp-content\/uploads\/2023\/03\/Alutechnik-Kontakt.jpg\"},{\"@type\":\"BreadcrumbList\",\"@id\":\"https:\/\/spalek-alutechnik.de\/kontakt\/#breadcrumb\",\"itemListElement\":[{\"@type\":\"ListItem\",\"position\":1,\"name\":\"Startseite\",\"item\":\"https:\/\/spalek-alutechnik.de\/\"},{\"@type\":\"ListItem\",\"position\":2,\"name\":\"Kontakt\"}]},{\"@type\":\"WebSite\",\"@id\":\"https:\/\/spalek-alutechnik.de\/#website\",\"url\":\"https:\/\/spalek-alutechnik.de\/\",\"name\":\"SPALEK ALUTECHNIK\",\"description\":\"Allwetterdielen f\u00fcr Terrassen und Fassaden\",\"publisher\":{\"@id\":\"https:\/\/spalek-alutechnik.de\/#organization\"},\"potentialAction\":[{\"@type\":\"SearchAction\",\"target\":{\"@type\":\"EntryPoint\",\"urlTemplate\":\"https:\/\/spalek-alutechnik.de\/?s={search_term_string}\"},\"query-input\":{\"@type\":\"PropertyValueSpecification\",\"valueRequired\":true,\"valueName\":\"search_term_string\"}}],\"inLanguage\":\"fr-FR\"},{\"@type\":\"Organization\",\"@id\":\"https:\/\/spalek-alutechnik.de\/#organization\",\"name\":\"SPALEK ALUTECHNIK\",\"url\":\"https:\/\/spalek-alutechnik.de\/\",\"logo\":{\"@type\":\"ImageObject\",\"inLanguage\":\"fr-FR\",\"@id\":\"https:\/\/spalek-alutechnik.de\/#\/schema\/logo\/image\/\",\"url\":\"https:\/\/spalek-alutechnik.de\/wp-content\/uploads\/2023\/03\/Logo-Alutechnik.svg\",\"contentUrl\":\"https:\/\/spalek-alutechnik.de\/wp-content\/uploads\/2023\/03\/Logo-Alutechnik.svg\",\"width\":246,\"height\":88,\"caption\":\"SPALEK ALUTECHNIK\"},\"image\":{\"@id\":\"https:\/\/spalek-alutechnik.de\/#\/schema\/logo\/image\/\"}}]}<\/script>\n<!-- \/ Yoast SEO plugin. -->","yoast_head_json":{"title":"Kontakt - SPALEK ALUTECHNIK","description":"Jetzt einfach und schnell Ihre Anfrage stellen \u00fcber unseren Konfigurator oder \u00fcber unser Kontaktformular. Wir melden uns kurzfristig bei Ihnen zur\u00fcck!","robots":{"index":"index","follow":"follow","max-snippet":"max-snippet:-1","max-image-preview":"max-image-preview:large","max-video-preview":"max-video-preview:-1"},"canonical":"https:\/\/spalek-alutechnik.de\/fr\/kontakt\/","og_locale":"fr_FR","og_type":"article","og_title":"Kontakt - SPALEK ALUTECHNIK","og_description":"Jetzt einfach und schnell Ihre Anfrage stellen \u00fcber unseren Konfigurator oder \u00fcber unser Kontaktformular. Wir melden uns kurzfristig bei Ihnen zur\u00fcck!","og_url":"https:\/\/spalek-alutechnik.de\/fr\/kontakt\/","og_site_name":"SPALEK ALUTECHNIK","article_modified_time":"2026-03-31T10:24:38+00:00","og_image":[{"width":2560,"height":1680,"url":"https:\/\/spalek-alutechnik.de\/wp-content\/uploads\/2023\/03\/Alutechnik-Kontakt.jpg","type":"image\/jpeg"}],"twitter_card":"summary_large_image","twitter_misc":{"Dur\u00e9e de lecture estim\u00e9e":"1 minute"},"schema":{"@context":"https:\/\/schema.org","@graph":[{"@type":"WebPage","@id":"https:\/\/spalek-alutechnik.de\/kontakt\/","url":"https:\/\/spalek-alutechnik.de\/kontakt\/","name":"Kontakt - SPALEK ALUTECHNIK","isPartOf":{"@id":"https:\/\/spalek-alutechnik.de\/#website"},"primaryImageOfPage":{"@id":"https:\/\/spalek-alutechnik.de\/kontakt\/#primaryimage"},"image":{"@id":"https:\/\/spalek-alutechnik.de\/kontakt\/#primaryimage"},"thumbnailUrl":"https:\/\/spalek-alutechnik.de\/wp-content\/uploads\/2023\/03\/Alutechnik-Kontakt.jpg","datePublished":"2023-03-09T09:57:45+00:00","dateModified":"2026-03-31T10:24:38+00:00","description":"Jetzt einfach und schnell Ihre Anfrage stellen \u00fcber unseren Konfigurator oder \u00fcber unser Kontaktformular. Wir melden uns kurzfristig bei Ihnen zur\u00fcck!","breadcrumb":{"@id":"https:\/\/spalek-alutechnik.de\/kontakt\/#breadcrumb"},"inLanguage":"fr-FR","potentialAction":[{"@type":"ReadAction","target":["https:\/\/spalek-alutechnik.de\/kontakt\/"]}]},{"@type":"ImageObject","inLanguage":"fr-FR","@id":"https:\/\/spalek-alutechnik.de\/kontakt\/#primaryimage","url":"https:\/\/spalek-alutechnik.de\/wp-content\/uploads\/2023\/03\/Alutechnik-Kontakt.jpg","contentUrl":"https:\/\/spalek-alutechnik.de\/wp-content\/uploads\/2023\/03\/Alutechnik-Kontakt.jpg"},{"@type":"BreadcrumbList","@id":"https:\/\/spalek-alutechnik.de\/kontakt\/#breadcrumb","itemListElement":[{"@type":"ListItem","position":1,"name":"Startseite","item":"https:\/\/spalek-alutechnik.de\/"},{"@type":"ListItem","position":2,"name":"Kontakt"}]},{"@type":"WebSite","@id":"https:\/\/spalek-alutechnik.de\/#website","url":"https:\/\/spalek-alutechnik.de\/","name":"SPALEK ALUTECHNIK","description":"Allwetterdielen f\u00fcr Terrassen und Fassaden","publisher":{"@id":"https:\/\/spalek-alutechnik.de\/#organization"},"potentialAction":[{"@type":"SearchAction","target":{"@type":"EntryPoint","urlTemplate":"https:\/\/spalek-alutechnik.de\/?s={search_term_string}"},"query-input":{"@type":"PropertyValueSpecification","valueRequired":true,"valueName":"search_term_string"}}],"inLanguage":"fr-FR"},{"@type":"Organization","@id":"https:\/\/spalek-alutechnik.de\/#organization","name":"SPALEK ALUTECHNIK","url":"https:\/\/spalek-alutechnik.de\/","logo":{"@type":"ImageObject","inLanguage":"fr-FR","@id":"https:\/\/spalek-alutechnik.de\/#\/schema\/logo\/image\/","url":"https:\/\/spalek-alutechnik.de\/wp-content\/uploads\/2023\/03\/Logo-Alutechnik.svg","contentUrl":"https:\/\/spalek-alutechnik.de\/wp-content\/uploads\/2023\/03\/Logo-Alutechnik.svg","width":246,"height":88,"caption":"SPALEK ALUTECHNIK"},"image":{"@id":"https:\/\/spalek-alutechnik.de\/#\/schema\/logo\/image\/"}}]}},"coauthors":[],"author_meta":{"author_link":"https:\/\/spalek-alutechnik.de\/fr\/author\/mhorn\/","display_name":"MHorn"},"relative_dates":{"created":"Publi\u00e9 3 ans il y a","modified":"Mis \u00e0 jour 4 semaines il y a"},"absolute_dates":{"created":"Publi\u00e9 le 9. mars 2023","modified":"Mise \u00e0 jour le 31. mars 2026"},"absolute_dates_time":{"created":"Publi\u00e9 le 9. mars 2023 10:57","modified":"Mise \u00e0 jour le 31. mars 2026 12:24"},"featured_img_caption":"","featured_img":false,"series_order":"","_links":{"self":[{"href":"https:\/\/spalek-alutechnik.de\/fr\/wp-json\/wp\/v2\/pages\/17","targetHints":{"allow":["GET"]}}],"collection":[{"href":"https:\/\/spalek-alutechnik.de\/fr\/wp-json\/wp\/v2\/pages"}],"about":[{"href":"https:\/\/spalek-alutechnik.de\/fr\/wp-json\/wp\/v2\/types\/page"}],"author":[{"embeddable":true,"href":"https:\/\/spalek-alutechnik.de\/fr\/wp-json\/wp\/v2\/users\/1"}],"replies":[{"embeddable":true,"href":"https:\/\/spalek-alutechnik.de\/fr\/wp-json\/wp\/v2\/comments?post=17"}],"version-history":[{"count":6,"href":"https:\/\/spalek-alutechnik.de\/fr\/wp-json\/wp\/v2\/pages\/17\/revisions"}],"predecessor-version":[{"id":839,"href":"https:\/\/spalek-alutechnik.de\/fr\/wp-json\/wp\/v2\/pages\/17\/revisions\/839"}],"wp:attachment":[{"href":"https:\/\/spalek-alutechnik.de\/fr\/wp-json\/wp\/v2\/media?parent=17"}],"curies":[{"name":"wp","href":"https:\/\/api.w.org\/{rel}","templated":true}]}}